{"id":421,"date":"2021-12-02T07:32:09","date_gmt":"2021-12-02T07:32:09","guid":{"rendered":"http:\/\/www.menderesosgb.com.tr\/?page_id=421"},"modified":"2022-01-07T09:38:54","modified_gmt":"2022-01-07T09:38:54","slug":"hakkimizda-2","status":"publish","type":"page","link":"http:\/\/www.menderesosgb.com.tr\/?page_id=421","title":{"rendered":"Kurumsal"},"content":{"rendered":"\t\t<div data-elementor-type=\"wp-page\" data-elementor-id=\"421\" class=\"elementor elementor-421\" data-elementor-settings=\"[]\">\n\t\t\t\t\t\t\t<div class=\"elementor-section-wrap\">\n\t\t\t\t\t\t\t<section class=\"elementor-section elementor-top-section elementor-element elementor-element-97c6968 animated-slow elementor-section-boxed elementor-section-height-default elementor-section-height-default elementor-invisible\" data-id=\"97c6968\" data-element_type=\"section\" data-settings=\"{&quot;animation&quot;:&quot;fadeIn&quot;}\">\n\t\t\t\t\t\t<div class=\"elementor-container elementor-column-gap-default\">\n\t\t\t\t\t<div class=\"elementor-column elementor-col-100 elementor-top-column elementor-element elementor-element-c220c1a\" data-id=\"c220c1a\" data-element_type=\"column\">\n\t\t\t<div class=\"elementor-widget-wrap elementor-element-populated\">\n\t\t\t\t\t\t\t\t<div class=\"elementor-element elementor-element-de2a3d1 elementor-widget elementor-widget-text-editor\" data-id=\"de2a3d1\" data-element_type=\"widget\" data-widget_type=\"text-editor.default\">\n\t\t\t\t<div class=\"elementor-widget-container\">\n\t\t\t<style>\/*! elementor - v3.5.4 - 23-01-2022 *\/\n.elementor-widget-text-editor.elementor-drop-cap-view-stacked .elementor-drop-cap{background-color:#818a91;color:#fff}.elementor-widget-text-editor.elementor-drop-cap-view-framed .elementor-drop-cap{color:#818a91;border:3px solid;background-color:transparent}.elementor-widget-text-editor:not(.elementor-drop-cap-view-default) .elementor-drop-cap{margin-top:8px}.elementor-widget-text-editor:not(.elementor-drop-cap-view-default) .elementor-drop-cap-letter{width:1em;height:1em}.elementor-widget-text-editor .elementor-drop-cap{float:left;text-align:center;line-height:1;font-size:50px}.elementor-widget-text-editor .elementor-drop-cap-letter{display:inline-block}<\/style>\t\t\t\t<p>6331 say\u0131l\u0131 yasa ile i\u015fyerlerinde i\u015f sa\u011fl\u0131\u011f\u0131 ve g\u00fcvenli\u011fi kavram\u0131 mevcut y\u00fcklerimizin \u00fcst\u00fcne yasal zorunluluk olarak yeni bir y\u00fck daha getirdi!<\/p><p>Karl\u0131l\u0131k, verimlilik gibi ana hedefler dururken birileri i\u015fyerlerimize gelip \u00fcretim alanlar\u0131m\u0131za girip &#8221; o \u00f6yle yap\u0131lmaz, \u015fu malzemeleri kullanamazs\u0131n\u0131z, \u00e7al\u0131\u015fanlar\u0131n\u0131z\u0131n e\u011fitim almas\u0131 gerekiyor, i\u015fe giri\u015f muayenelerini yapt\u0131rman\u0131z laz\u0131m&#8221; gibi gereksiz! i\u015fler buyurdular.<\/p><p>Oysa ne rahatt\u0131 g\u00fcvensiz \u00e7al\u0131\u015fmak!<\/p><p>\u00c7al\u0131\u015fanlar\u0131n zorla takt\u0131\u011f\u0131 baret, d\u00fc\u015fmesin diye yap\u0131lan korkuluk, akci\u011ferlerinin \u00f6l\u00fcnceye kadar sa\u011fl\u0131kl\u0131 \u00e7al\u0131\u015fmas\u0131 i\u00e7in takaca\u011f\u0131 maske, torunlar\u0131n\u0131 da g\u00f6rs\u00fcn diye kullanaca\u011f\u0131 g\u00f6zl\u00fck&#8230;<\/p><p>Ne kadar da l\u00fczumsuz harcamalar&#8230;<\/p><p>Konu ile dalga ge\u00e7ilmesine sebep olan say\u0131s\u0131z \u00f6rnek ile dolu her bir \u0130\u015f Sa\u011fl\u0131\u011f\u0131 ve G\u00fcvenli\u011fi profesyonelinin haf\u0131zas\u0131.<\/p><p>Hep bir savunma, hep bir tasarruf kayg\u0131s\u0131 ile durduruluyor i\u015f sa\u011fl\u0131\u011f\u0131 ve g\u00fcvenli\u011fi \u00e7al\u0131\u015fmalar\u0131. Oysa geli\u015fmi\u015f \u00fclkelerde 70&#8217;li y\u0131llarda ba\u015flayan bu disiplin i\u015fyerlerinde \u00f6nce can sonra mal g\u00fcvenli\u011finin artmas\u0131na dolay\u0131s\u0131yla verimlilik art\u0131\u015f\u0131na devam\u0131nda ise kar art\u0131\u015f\u0131na ge\u00e7irdi bu i\u015fletmeleri. Tedaviye, tazminata de\u011fil Ar-Ge ye harcand\u0131 b\u00fct\u00e7eler. Mahkeme koridorlar\u0131 yerine laboratuvarlarda ko\u015fu\u015fturdu m\u00fchendisler. Geri kalm\u0131\u015f \u00fclkeler tasarruf yaparak zengin olunamayaca\u011f\u0131n\u0131 anlay\u0131ncaya kadar geli\u015fmi\u015f \u00fclkeler s\u00f6m\u00fcrge yapt\u0131 bu zihniyeti.<\/p><p>Sonu\u00e7 ortada&#8230;<\/p><p>\u0130\u015fini yaparken kendini g\u00fcvende hisseden \u00e7al\u0131\u015fanlar, \u00e7al\u0131\u015fanlar\u0131 verimli ve mutlu i\u015fveren, i\u015f kazas\u0131, meslek hastal\u0131\u011f\u0131 nedir bilmeden b\u00fcy\u00fcyen \u00e7ocuklar, \u00fcreten, geli\u015fen, harcayan sa\u011fl\u0131kl\u0131 bir ekonomi demektir.<\/p><p>Demek ki i\u015f sa\u011fl\u0131\u011f\u0131 ve g\u00fcvenli\u011fi K\u00dcLFET de\u011fildir.<\/p><p>Kazas\u0131z, sa\u011fl\u0131kl\u0131 g\u00fcnler dilerim.<\/p><p>AL\u0130 CO\u015eKUN<\/p>\t\t\t\t\t\t<\/div>\n\t\t\t\t<\/div>\n\t\t\t\t\t<\/div>\n\t\t<\/div>\n\t\t\t\t\t\t\t<\/div>\n\t\t<\/section>\n\t\t\t\t\t\t<\/div>\n\t\t\t\t\t<\/div>\n\t\t","protected":false},"excerpt":{"rendered":"<p>6331 say\u0131l\u0131 yasa ile i\u015fyerlerinde i\u015f sa\u011fl\u0131\u011f\u0131 ve g\u00fcvenli\u011fi kavram\u0131 mevcut y\u00fcklerimizin \u00fcst\u00fcne yasal zorunluluk olarak yeni bir y\u00fck daha getirdi! Karl\u0131l\u0131k, verimlilik gibi ana hedefler dururken birileri i\u015fyerlerimize gelip \u00fcretim alanlar\u0131m\u0131za girip &#8221; o \u00f6yle yap\u0131lmaz, \u015fu malzemeleri kullanamazs\u0131n\u0131z, \u00e7al\u0131\u015fanlar\u0131n\u0131z\u0131n e\u011fitim almas\u0131 gerekiyor, i\u015fe giri\u015f muayenelerini yapt\u0131rman\u0131z laz\u0131m&#8221; gibi gereksiz! i\u015fler buyurdular. Oysa ne&hellip;&nbsp;<a href=\"http:\/\/www.menderesosgb.com.tr\/?page_id=421\" class=\"\" rel=\"bookmark\">Daha fazlas\u0131n\u0131 oku &raquo;<span class=\"screen-reader-text\">Kurumsal<\/span><\/a><\/p>\n","protected":false},"author":1,"featured_media":0,"parent":0,"menu_order":0,"comment_status":"closed","ping_status":"closed","template":"page-templates\/template-pagebuilder-full-width.php","meta":{"neve_meta_sidebar":"","neve_meta_container":"","neve_meta_enable_content_width":"","neve_meta_content_width":0,"neve_meta_title_alignment":"","neve_meta_author_avatar":"","neve_post_elements_order":"","neve_meta_disable_header":"","neve_meta_disable_footer":"","neve_meta_disable_title":""},"_links":{"self":[{"href":"http:\/\/www.menderesosgb.com.tr\/index.php?rest_route=\/wp\/v2\/pages\/421"}],"collection":[{"href":"http:\/\/www.menderesosgb.com.tr\/index.php?rest_route=\/wp\/v2\/pages"}],"about":[{"href":"http:\/\/www.menderesosgb.com.tr\/index.php?rest_route=\/wp\/v2\/types\/page"}],"author":[{"embeddable":true,"href":"http:\/\/www.menderesosgb.com.tr\/index.php?rest_route=\/wp\/v2\/users\/1"}],"replies":[{"embeddable":true,"href":"http:\/\/www.menderesosgb.com.tr\/index.php?rest_route=%2Fwp%2Fv2%2Fcomments&post=421"}],"version-history":[{"count":15,"href":"http:\/\/www.menderesosgb.com.tr\/index.php?rest_route=\/wp\/v2\/pages\/421\/revisions"}],"predecessor-version":[{"id":759,"href":"http:\/\/www.menderesosgb.com.tr\/index.php?rest_route=\/wp\/v2\/pages\/421\/revisions\/759"}],"wp:attachment":[{"href":"http:\/\/www.menderesosgb.com.tr\/index.php?rest_route=%2Fwp%2Fv2%2Fmedia&parent=421"}],"curies":[{"name":"wp","href":"https:\/\/api.w.org\/{rel}","templated":true}]}}