{"id":802,"date":"2022-01-18T11:39:32","date_gmt":"2022-01-18T11:39:32","guid":{"rendered":"http:\/\/www.menderesosgb.com.tr\/?page_id=802"},"modified":"2022-01-18T12:37:24","modified_gmt":"2022-01-18T12:37:24","slug":"calisan-suresi-hesaplama","status":"publish","type":"page","link":"http:\/\/www.menderesosgb.com.tr\/?page_id=802","title":{"rendered":"Elementor #802"},"content":{"rendered":"\t\t<div data-elementor-type=\"wp-page\" data-elementor-id=\"802\" class=\"elementor elementor-802\" data-elementor-settings=\"[]\">\n\t\t\t\t\t\t\t<div class=\"elementor-section-wrap\">\n\t\t\t\t\t\t\t<section class=\"elementor-section elementor-top-section elementor-element elementor-element-810fd0f elementor-section-boxed elementor-section-height-default elementor-section-height-default\" data-id=\"810fd0f\" data-element_type=\"section\">\n\t\t\t\t\t\t<div class=\"elementor-container elementor-column-gap-default\">\n\t\t\t\t\t<div class=\"elementor-column elementor-col-100 elementor-top-column elementor-element elementor-element-c22c1dd\" data-id=\"c22c1dd\" data-element_type=\"column\">\n\t\t\t<div class=\"elementor-widget-wrap elementor-element-populated\">\n\t\t\t\t\t\t\t\t<div class=\"elementor-element elementor-element-8a6ece3 elementor-widget elementor-widget-html\" data-id=\"8a6ece3\" data-element_type=\"widget\" data-widget_type=\"html.default\">\n\t\t\t\t<div class=\"elementor-widget-container\">\n\t\t\t<html>\n    <body>\n         <h3><center>\u00c7al\u0131\u015fma S\u00fcresi Hesaplama<\/center><\/h3>\n        <!-- begin summary -->\n        <div class=\"summary\">  <\/div>\n        <!-- end summary -->\n                <style>\n\n.hesapcss {\n\tmargin:0px;padding:0px;\n\twidth:100%;\n\tborder:1px solid #ccc;\n}\n\n.hesapcss table{\n    border-collapse: collapse;\n    border-spacing: 0;\n\twidth:100%;\n\theight:100%;\n\tmargin:0px;padding:0px;\n} \n.hesapcss tr:nth-child(odd){ background-color:#fcaf3b; }\n\n.hesapcss tr:nth-child(even)    { background-color:#fcaf3b; }\n\n.hesapcss td{\n\tvertical-align:middle;\n\tborder:1px solid #ccc;\n\tborder-width:0px 1px 1px 0px;\n\ttext-align:center;\n\tpadding:9px;\n\tfont-size:12px;\n\tfont-weight:normal;\n\tcolor:#fcaf3b;\n}\n\n.hesapcss tr:last-child td{\n\tborder-width:0px 1px 0px 0px;\n}\n\n.hesapcss tr td:last-child{\n\tborder-width:0px 0px 1px 0px;\n}\n\n.hesapcss tr:last-child td:last-child{\n\tborder-width:0px 0px 0px 0px;\n}\n.hesapcss tr:first-child td{\n\tbackground:-o-linear-gradient(bottom, #fcaf3b 5%, #fcaf3b 100%);\tbackground:-webkit-gradient( linear, left top, left bottom, color-stop(0.05, #fcaf3b), color-stop(1, #fcaf3b) );\n\tbackground:-moz-linear-gradient( center top, #fcaf3b 5%, #fcaf3b 100% );\n\tfilter:progid:DXImageTransform.Microsoft.gradient(startColorstr=\"#e4e4e4\", endColorstr=\"#e4e4e4\");\tbackground: -o-linear-gradient(top,#e4e4e4,e4e4e4);\n\n\tbackground-color:#fcaf3b;\n\tborder:0px solid #ccc;\n\ttext-align:center;\n\tborder-width:0px 0px 1px 1px;\n\tfont-size:13px;\n\tfont-weight:bold;\n\tcolor:#fcaf3b;\n}\n.hesapcss tr:first-child:hover td{\n\tbackground:-o-linear-gradient(bottom, #e4e4e4 5%, #e4e4e4 100%);\tbackground:-webkit-gradient( linear, left top, left bottom, color-stop(0.05, #e4e4e4), color-stop(1, #e4e4e4) );\n\tbackground:-moz-linear-gradient( center top, #e4e4e4 5%, #e4e4e4 100% );\n\tfilter:progid:DXImageTransform.Microsoft.gradient(startColorstr=\"#e4e4e4\", endColorstr=\"#e4e4e4\");\tbackground: -o-linear-gradient(top,#e4e4e4,e4e4e4);\n\n\tbackground-color:#fcaf3b;\n}\n.hesapcss tr:first-child td:first-child{\n\tborder-width:0px 0px 1px 0px;\n}\n.hesapcss tr:first-child td:last-child{\n\tborder-width:0px 0px 1px 1px;\n}\n<\/style>\n\n \n                <script type=\"text\/javascript\">\nfunction hesapla(sayi) {\n    if(sayi<1){\n        alert('L\u00fctfen \u00c7al\u0131\u015fan Say\u0131s\u0131n\u0131 Giriniz...');\n    }else if (!sayi.match(\/^[0-9]+$\/)) {\n        alert(\"\u00c7al\u0131\u015fan Say\u0131s\u0131 K\u0131sm\u0131na Sadece Rakam Giriniz...\");\n    }else{\n        var dizi = Array();\n\t\t\tdizi[11] = 5;\n            dizi[12] = 10;\n\t\t\tdizi[13] = 0;\n            dizi[21] = 10;\n            dizi[22] = 20;\n            dizi[23] = 0;\t\t\t\n            dizi[31] = 15;\n            dizi[32] = 40;\n\t\tif(sayi<10){\n            dizi[33] = 0;\n        }else if(sayi<50){\n            dizi[33] = 10;\t\t\n        }else if(sayi<250){\n            dizi[33] = 15;\t\t\t\n        }else if(sayi>249){\n            dizi[33] = 20;\t\t\t\n\t\t}else{\n            dizi[33] = sayi;\n        }\n\n        jQuery('#11').html(Math.ceil((dizi[11]*sayi)) + ' Dakika\/Ay');\n        jQuery('#12').html(Math.ceil((dizi[12]*sayi)) + ' Dakika\/Ay');\n        jQuery('#13').html(Math.ceil((dizi[13]*sayi)) + ' Dakika\/Ay');\n        jQuery('#21').html(Math.ceil((dizi[21]*sayi)) + ' Dakika\/Ay');\n        jQuery('#22').html(Math.ceil((dizi[22]*sayi)) + ' Dakika\/Ay');\n        jQuery('#23').html(Math.ceil((dizi[23]*sayi)) + ' Dakika\/Ay');\n        jQuery('#31').html(Math.ceil((dizi[31]*sayi)) + ' Dakika\/Ay');\n        jQuery('#32').html(Math.ceil((dizi[32]*sayi)) + ' Dakika\/Ay');\n        jQuery('#33').html(Math.ceil((dizi[33]*sayi)) + ' Dakika\/Ay');\n    }\n}\n<\/script>\n                \n               <table cellpadding=\"00\" cellspacing=\"00\" border=\"0\" width=\"100%\">\n               <tbody>\n               <tr>\n               <td width=\"60%\" style=\"background-color:#6ec1e4; height:60px; padding:10px;\"> \n                <div style=\"height: 40px;\"> \n                    <strong style=\"font-size:16px;\">&Ccedil;ALI&#350;AN SAYISI&nbsp;&nbsp;&nbsp;&nbsp;&nbsp;&nbsp;:&nbsp;&nbsp;&nbsp;<\/strong>\n                \n                  <input id=\"sayi\" style=\"font-family: 'Open Sans', sans-serif; font-size: 16px; color: #2e3234; width:350px; height:35px; padding:5px;\" type=\"text\" name=\"sayi\" value=\"0\" \/>\n                  \n                 <\/div>\n                 <\/td>\n                 <td width=\"40%\" style=\"background-color:#6ec1e4; height:60px; padding:10px;\"> \n                   <a onClick=\"hesapla(jQuery('#sayi').val());\" href=\"javascript:void(0);\" >\n                  <input type=\"submit\" name=\"Submit\" value=\"HESAPLA\" class=\"Buton\" style=\"background-color:#fcaf3b; color:#FFFFFF; border:1px solid #1e5882; padding:4px; width:150px; height:40px; font-size:14px; font-weight:600; margin-top:10px;\" \/>\n                   <\/a> \n                 <\/td>\n                 <\/tr><\/tbody><\/table>\n                   \n                <br>\n                <br>\n                \n                <table width=\"100%\" cellspacing=\"0\" cellpadding=\"0\">\n                  <tbody>\n                    <tr>\n                      <th style=\"font-size:14px; font-family: 'Open Sans', sans-serif; width: 20%; height:30px;  border:1px solid #cccccc;\" rowspan=\"2\" align=\"center\" valign=\"middle\"><span style=\"font-family: 'Open Sans', sans-serif;\">&#304;&#350;YER&#304; TEHL&#304;KE SINIFI<\/span> <\/th>\n                      <th style=\"font-size:14px; font-family: 'Open Sans', sans-serif; border:1px solid #cccccc; height:30px;\" align=\"center\" valign=\"middle\"><span style=\"font-size:14px; font-family: 'Open Sans', sans-serif;   borderr:1px solid #084172;\">&#304;&#350;YER&#304; HEK&#304;M&#304;<\/span> <\/th>\n                      <th style=\"font-size:14px; font-family: 'Open Sans', sans-serif; border:1px solid #cccccc; height:30px;\" align=\"center\" valign=\"middle\"><span style=\"font-family: 'Open Sans', sans-serif;\">&#304;&#350; G&Uuml;VENL&#304;&#286;&#304; UZMANI<\/span> <\/th>\n                      <th style=\"font-size:14px; font-family: 'Open Sans', sans-serif; border:1px solid #cccccc; height:30px;\" align=\"center\" valign=\"middle\"><span style=\"font-family: 'Open Sans', sans-serif;\">D&#304;&#286;ER SA&#286;LIK PERSONEL&#304;<\/span> <\/th>\n                    <\/tr>\n                    <tr>\n                      <td style=\"background-color: #fcaf3b\t; text-align: center; border:1px solid #ccc; height:30px;\"><span style=\"font-size: 14px; color: #2e3234;\"><strong><span style=\"font-family: 'Open Sans', sans-serif;\">S&Uuml;RE (AY)<\/span> <\/strong> <\/span> <\/td>\n                      <td style=\"background-color: #fcaf3b; text-align: center; border:1px solid #ccc; height:30px;\"><span style=\"font-size: 14px; color: #2e3234;\"><strong><span style=\"font-family: 'Open Sans', sans-serif;\">S&Uuml;RE (AY)<\/span> <\/strong> <\/span> <\/td>\n                      <td style=\"background-color: #fcaf3b; text-align: center; border:1px solid #ccc; height:30px;\"><span style=\"font-size: 14px; color: #2e3234;\"><strong><span style=\"font-family: 'Open Sans', sans-serif;\">S&Uuml;RE (AY)<\/span> <\/strong> <\/span> <\/td>\n                    <\/tr>\n                    <tr>\n                      <td style=\"text-align: center; border:1px solid #cccccc;\" align=\"left\" valign=\"middle\" height=\"48\"><span style=\"font-family: 'Open Sans', sans-serif;\">AZ TEHL&#304;KEL&#304;<\/span> <\/td>\n                      <td style=\"text-align: center; border:1px solid #cccccc;\" align=\"center\" valign=\"middle\"><strong><span id=\"11\" style=\"font-family: 'Open Sans', sans-serif; font-size: 16px; color: #004DA6;\">0 Dakika<\/span><\/strong> <\/td>\n                      <td style=\"text-align: center; border:1px solid #cccccc;\" align=\"center\" valign=\"middle\"><strong><span id=\"12\" style=\"font-family: 'Open Sans', sans-serif; color: #004DA6; font-size: 16px;\">0 Dakika<\/span><\/strong> <\/td>\n                      <td style=\"text-align: center; border:1px solid #cccccc;\" align=\"center\" valign=\"middle\"><strong><span id=\"13\" style=\"font-family: 'Open Sans', sans-serif; color: #004DA6; font-size: 16px;\">0 Dakika<\/span><\/strong> <\/td>\n                    <\/tr>\n                    <tr>\n                      <td style=\"text-align: center; border:1px solid #cccccc;\" align=\"left\" valign=\"middle\" height=\"48\"><span style=\"font-family: 'Open Sans', sans-serif;\">TEHL&#304;KEL&#304;<\/span> <\/td>\n                      <td style=\"text-align: center; border:1px solid #cccccc;\" align=\"center\" valign=\"middle\"><span style=\"color: #004DA6;\"><strong><span id=\"21\" style=\"font-family: 'Open Sans', sans-serif; font-size: 16px;\">0 Dakika<\/span> <\/strong> <\/span> <\/td>\n                      <td style=\"text-align: center; border:1px solid #cccccc;\" align=\"center\" valign=\"middle\"><span style=\"font-size: 16px;\"><strong><span id=\"22\" style=\"font-family: 'Open Sans', sans-serif; color: #004DA6;\">0 Dakika<\/span> <\/strong> <\/span> <\/td>\n                      <td style=\"text-align: center; border:1px solid #cccccc;\" align=\"center\" valign=\"middle\"><strong><span id=\"23\" style=\"font-family: 'Open Sans', sans-serif; color: #004DA6; font-size: 16px;\">0 Dakika<\/span><\/strong> <\/td>\n                    <\/tr>\n                    <tr>\n                      <td style=\"text-align: center; border:1px solid #cccccc;\" align=\"left\" valign=\"middle\" height=\"48\"><span style=\"font-family: 'Open Sans', sans-serif;\">&Ccedil;OK TEHL&#304;KEL&#304;<\/span> <\/td>\n                      <td style=\"text-align: center; border:1px solid #cccccc;\" align=\"center\" valign=\"middle\"><strong><span id=\"31\" style=\"font-family: 'Open Sans', sans-serif; color: #004DA6; font-size: 16px;\">0 Dakika<\/span><\/strong> <\/td>\n                      <td style=\"text-align: center; border:1px solid #cccccc;\" align=\"center\" valign=\"middle\"><strong><span id=\"32\" style=\"font-family: 'Open Sans', sans-serif; color: #004DA6; font-size: 16px;\">0 Dakika<\/span><\/strong> <\/td>\n                      <td style=\"text-align: center; border:1px solid #cccccc;\" align=\"center\" valign=\"middle\"><strong><span id=\"33\" style=\"font-family: 'Open Sans', sans-serif; color: #004DA6; font-size: 16px;\">0 Dakika<\/span><\/strong> <\/td>\n                    <\/tr>\n                  <\/tbody>\n                <\/table>\n \n    <\/body\n<\/html>\t\t<\/div>\n\t\t\t\t<\/div>\n\t\t\t\t\t<\/div>\n\t\t<\/div>\n\t\t\t\t\t\t\t<\/div>\n\t\t<\/section>\n\t\t\t\t\t\t<\/div>\n\t\t\t\t\t<\/div>\n\t\t","protected":false},"excerpt":{"rendered":"<p>\u00c7al\u0131\u015fma S\u00fcresi Hesaplama &Ccedil;ALI&#350;AN SAYISI&nbsp;&nbsp;&nbsp;&nbsp;&nbsp;&nbsp;:&nbsp;&nbsp;&nbsp; &#304;&#350;YER&#304; TEHL&#304;KE SINIFI &#304;&#350;YER&#304; HEK&#304;M&#304; &#304;&#350; G&Uuml;VENL&#304;&#286;&#304; UZMANI D&#304;&#286;ER SA&#286;LIK PERSONEL&#304; S&Uuml;RE (AY) S&Uuml;RE (AY) S&Uuml;RE (AY) AZ TEHL&#304;KEL&#304; 0 Dakika 0 Dakika 0 Dakika TEHL&#304;KEL&#304; 0 Dakika 0 Dakika 0 Dakika &Ccedil;OK TEHL&#304;KEL&#304; 0 Dakika 0 Dakika 0 Dakika<\/p>\n","protected":false},"author":1,"featured_media":0,"parent":0,"menu_order":0,"comment_status":"closed","ping_status":"closed","template":"page-templates\/template-pagebuilder-full-width.php","meta":{"neve_meta_sidebar":"","neve_meta_container":"","neve_meta_enable_content_width":"","neve_meta_content_width":0,"neve_meta_title_alignment":"","neve_meta_author_avatar":"","neve_post_elements_order":"","neve_meta_disable_header":"","neve_meta_disable_footer":"","neve_meta_disable_title":""},"_links":{"self":[{"href":"http:\/\/www.menderesosgb.com.tr\/index.php?rest_route=\/wp\/v2\/pages\/802"}],"collection":[{"href":"http:\/\/www.menderesosgb.com.tr\/index.php?rest_route=\/wp\/v2\/pages"}],"about":[{"href":"http:\/\/www.menderesosgb.com.tr\/index.php?rest_route=\/wp\/v2\/types\/page"}],"author":[{"embeddable":true,"href":"http:\/\/www.menderesosgb.com.tr\/index.php?rest_route=\/wp\/v2\/users\/1"}],"replies":[{"embeddable":true,"href":"http:\/\/www.menderesosgb.com.tr\/index.php?rest_route=%2Fwp%2Fv2%2Fcomments&post=802"}],"version-history":[{"count":47,"href":"http:\/\/www.menderesosgb.com.tr\/index.php?rest_route=\/wp\/v2\/pages\/802\/revisions"}],"predecessor-version":[{"id":860,"href":"http:\/\/www.menderesosgb.com.tr\/index.php?rest_route=\/wp\/v2\/pages\/802\/revisions\/860"}],"wp:attachment":[{"href":"http:\/\/www.menderesosgb.com.tr\/index.php?rest_route=%2Fwp%2Fv2%2Fmedia&parent=802"}],"curies":[{"name":"wp","href":"https:\/\/api.w.org\/{rel}","templated":true}]}}